{"id":2,"date":"2020-01-20T14:35:06","date_gmt":"2020-01-20T14:35:06","guid":{"rendered":"http:\/\/wkl110orlik.pl\/?page_id=2"},"modified":"2023-05-07T16:27:26","modified_gmt":"2023-05-07T16:27:26","slug":"sample-page","status":"publish","type":"page","link":"https:\/\/wkl110orlik.pl\/","title":{"rendered":"Strona g\u0142\u00f3wna"},"content":{"rendered":"<p><img loading=\"lazy\" decoding=\"async\" class=\"alignnone size-medium wp-image-47 aligncenter\" src=\"http:\/\/wkl110orlik.pl\/wp-content\/uploads\/2020\/01\/Logo-elipsa-300x218.png\" alt=\"\" width=\"300\" height=\"218\" srcset=\"https:\/\/wkl110orlik.pl\/wp-content\/uploads\/2020\/01\/Logo-elipsa-300x218.png 300w, https:\/\/wkl110orlik.pl\/wp-content\/uploads\/2020\/01\/Logo-elipsa-1024x745.png 1024w, https:\/\/wkl110orlik.pl\/wp-content\/uploads\/2020\/01\/Logo-elipsa-768x558.png 768w, https:\/\/wkl110orlik.pl\/wp-content\/uploads\/2020\/01\/Logo-elipsa.png 1422w\" sizes=\"auto, (max-width: 300px) 100vw, 300px\" \/><\/p>\n<h4><strong>Zarz\u0105d ko\u0142a:<\/strong><\/h4>\n<ul>\n<li><strong>Prezes Zarz\u0105du Ko\u0142a &#8211; Mariusz KLIMKOWSKI<\/strong><\/li>\n<li><strong>\u0141owczy Ko\u0142a &#8211; Piotr JARCZAK<\/strong><\/li>\n<li><strong>Pod\u0142owczy Ko\u0142a &#8211; Marcin KOCIACH<\/strong><\/li>\n<li><strong>Sekretarz Ko\u0142a &#8211; Leszek STANIS\u0141AWCZUK<\/strong><\/li>\n<li><strong>Skarbnik Ko\u0142a &#8211; Krzysztof WEREMJI<\/strong><\/li>\n<\/ul>\n<h4><strong>Komisja Rewizyjna:<\/strong><\/h4>\n<ul>\n<li><strong>Przewodnicz\u0105cy &#8211; Robert SZYMA\u0143SKI<\/strong><\/li>\n<li><strong>Cz\u0142onkowie &#8211; Wojciech MUSIA\u0141, Mateusz MARGOL<\/strong><\/li>\n<\/ul>\n<h4><strong>Delegaci na&nbsp;Okr\u0119gowy Zjazd Delegat\u00f3w:<\/strong><\/h4>\n<ul>\n<li><strong>Mariusz KLIMKOWSKI<\/strong><\/li>\n<li><strong>Piotr JARCZAK<\/strong><\/li>\n<\/ul>\n<h4><strong>Adres ko\u0142a:<\/strong><\/h4>\n<p><strong>Wojskowe Ko\u0142o&nbsp;\u0141owieckie nr 110<\/strong><br \/>\n<strong>&#8222;ORLIK&#8221; w&nbsp;Hrubieszowie<\/strong><br \/>\n<strong>\u015alipcze 35<\/strong><br \/>\n<strong>22 &#8211; 500 Hrubiesz\u00f3w<\/strong><\/p>\n","protected":false},"excerpt":{"rendered":"<p>Zarz\u0105d ko\u0142a: Prezes Zarz\u0105du Ko\u0142a &#8211; Mariusz KLIMKOWSKI \u0141owczy Ko\u0142a &#8211; Piotr JARCZAK Pod\u0142owczy Ko\u0142a &#8211; Marcin KOCIACH Sekretarz Ko\u0142a &#8211; Leszek STANIS\u0141AWCZUK Skarbnik Ko\u0142a &#8211; Krzysztof WEREMJI Komisja Rewizyjna: Przewodnicz\u0105cy &#8211; Robert SZYMA\u0143SKI Cz\u0142onkowie &#8211; Wojciech MUSIA\u0141, Mateusz MARGOL <a class=\"more-link\" href=\"https:\/\/wkl110orlik.pl\/\">Czytaj dalej  <span class=\"screen-reader-text\">  Strona g\u0142\u00f3wna<\/span><span class=\"meta-nav\">&rarr;<\/span><\/a><\/p>\n","protected":false},"author":1,"featured_media":0,"parent":0,"menu_order":0,"comment_status":"closed","ping_status":"closed","template":"","meta":{"footnotes":""},"class_list":["post-2","page","type-page","status-publish","hentry"],"_links":{"self":[{"href":"https:\/\/wkl110orlik.pl\/index.php\/wp-json\/wp\/v2\/pages\/2","targetHints":{"allow":["GET"]}}],"collection":[{"href":"https:\/\/wkl110orlik.pl\/index.php\/wp-json\/wp\/v2\/pages"}],"about":[{"href":"https:\/\/wkl110orlik.pl\/index.php\/wp-json\/wp\/v2\/types\/page"}],"author":[{"embeddable":true,"href":"https:\/\/wkl110orlik.pl\/index.php\/wp-json\/wp\/v2\/users\/1"}],"replies":[{"embeddable":true,"href":"https:\/\/wkl110orlik.pl\/index.php\/wp-json\/wp\/v2\/comments?post=2"}],"version-history":[{"count":8,"href":"https:\/\/wkl110orlik.pl\/index.php\/wp-json\/wp\/v2\/pages\/2\/revisions"}],"predecessor-version":[{"id":387,"href":"https:\/\/wkl110orlik.pl\/index.php\/wp-json\/wp\/v2\/pages\/2\/revisions\/387"}],"wp:attachment":[{"href":"https:\/\/wkl110orlik.pl\/index.php\/wp-json\/wp\/v2\/media?parent=2"}],"curies":[{"name":"wp","href":"https:\/\/api.w.org\/{rel}","templated":true}]}}